{"id":1060,"date":"2025-06-18T18:24:36","date_gmt":"2025-06-18T18:24:36","guid":{"rendered":"https:\/\/vidaenergialivre.com.br\/?page_id=1060"},"modified":"2025-06-18T18:37:27","modified_gmt":"2025-06-18T18:37:27","slug":"selo-de-energia-renovavel","status":"publish","type":"page","link":"https:\/\/vidaenergialivre.com.br\/index.php\/selo-de-energia-renovavel\/","title":{"rendered":"Selo de Energia Renovavel"},"content":{"rendered":"\n<figure class=\"wp-block-image aligncenter size-large\"><img decoding=\"async\" loading=\"lazy\" width=\"1024\" height=\"248\" src=\"https:\/\/vidaenergialivre.com.br\/wp-content\/uploads\/2025\/06\/Banner-Selo-Verde-3-1024x248.jpg\" alt=\"\" class=\"wp-image-1032\" srcset=\"https:\/\/vidaenergialivre.com.br\/wp-content\/uploads\/2025\/06\/Banner-Selo-Verde-3-1024x248.jpg 1024w, https:\/\/vidaenergialivre.com.br\/wp-content\/uploads\/2025\/06\/Banner-Selo-Verde-3-300x73.jpg 300w, https:\/\/vidaenergialivre.com.br\/wp-content\/uploads\/2025\/06\/Banner-Selo-Verde-3-768x186.jpg 768w, https:\/\/vidaenergialivre.com.br\/wp-content\/uploads\/2025\/06\/Banner-Selo-Verde-3-1536x372.jpg 1536w, https:\/\/vidaenergialivre.com.br\/wp-content\/uploads\/2025\/06\/Banner-Selo-Verde-3-2048x496.jpg 2048w, https:\/\/vidaenergialivre.com.br\/wp-content\/uploads\/2025\/06\/Banner-Selo-Verde-3-600x145.jpg 600w\" sizes=\"(max-width: 1024px) 100vw, 1024px\" \/><\/figure>\n\n\n\n<div class=\"wp-block-columns is-layout-flex wp-container-8\">\n<div class=\"wp-block-column is-layout-flow\">\n<p><\/p>\n\n\n\n<p class=\"has-text-align-center\"><strong>QUERO SER MAIS SUSTENT\u00c1VEL<\/strong><\/p>\n\n\n\n<p><\/p>\n\n\n\n<p>Se a sua empresa est\u00e1 avaliando o uso de energia renov\u00e1vel, al\u00e9m de economizar e ajudar o planeta, agora \u00e9 a hora de mostrar ao mundo a sua escolha sustent\u00e1vel.<\/p>\n\n\n\n<p>O Selo de Energia Renov\u00e1vel \u2013 VIDA ENERGIA \u00e9 um selo criado para certificar que sua empresa que utiliza energia de fontes renov\u00e1veis como solar, e\u00f3lica, hidroel\u00e9ctrica.<\/p>\n\n\n\n<p><\/p>\n\n\n\n<p class=\"has-text-align-center\"><strong>O SELO DE ENERGIA RENOV\u00c1VEL<\/strong><\/p>\n\n\n\n<p>Ao adquirir energia renov\u00e1vel com a VIDA ENERGIA, sua empresa recebe um certificado t\u00e9cnico personalizado, que informa a quantidade de CO\u2082 (toneladas de di\u00f3xido de carbono) que deixou de ser emitida na atmosfera. O c\u00e1lculo \u00e9 realizado pela nossa equipe t\u00e9cnica com base em metodologias reconhecidas pelo Minist\u00e9rio do Desenvolvimento<\/p>\n\n\n\n<p><\/p>\n\n\n\n<p class=\"has-text-align-center\"><strong>Por que sua empresa precisa desse selo?<\/strong><\/p>\n\n\n\n<p class=\"has-text-align-center\"><\/p>\n\n\n\n<div class=\"wp-block-columns is-layout-flex wp-container-3\">\n<div class=\"wp-block-column is-layout-flow\">\n<figure class=\"wp-block-image alignright size-full is-resized\"><img decoding=\"async\" loading=\"lazy\" src=\"https:\/\/vidaenergialivre.com.br\/wp-content\/uploads\/2025\/06\/LOGO-Selo-Madeira-1.png\" alt=\"\" class=\"wp-image-1033\" width=\"218\" height=\"233\" srcset=\"https:\/\/vidaenergialivre.com.br\/wp-content\/uploads\/2025\/06\/LOGO-Selo-Madeira-1.png 480w, https:\/\/vidaenergialivre.com.br\/wp-content\/uploads\/2025\/06\/LOGO-Selo-Madeira-1-280x300.png 280w\" sizes=\"(max-width: 218px) 100vw, 218px\" \/><\/figure>\n<\/div>\n\n\n\n<div class=\"wp-block-column is-layout-flow\">\n<p>\u2714 Fortalece sua imagem no mercado<\/p>\n\n\n\n<p>\u2714 Comprova seu compromisso com a sustentabilidade<\/p>\n\n\n\n<p>\u2714 Gera credibilidade para clientes, investidores e parceiros<\/p>\n\n\n\n<p>\u2714 Diferencia sua marca da concorr\u00eancia<\/p>\n\n\n\n<p>\u2714 Serve como ferramenta de marketing e ESG<\/p>\n<\/div>\n<\/div>\n\n\n\n<p><\/p>\n\n\n\n<p class=\"has-text-align-center\"><strong>O que acompanha?<\/strong><\/p>\n\n\n\n<p><\/p>\n\n\n\n<p>Ao aderir ao Selo de Energia Renov\u00e1vel, sua empresa recebe um Certificado T\u00e9cnico Exclusivo, com:<\/p>\n\n\n\n<p><\/p>\n\n\n\n<div class=\"wp-block-columns is-layout-flex wp-container-6\">\n<div class=\"wp-block-column is-layout-flow\">\n<figure class=\"wp-block-image alignright size-full is-resized\"><img decoding=\"async\" loading=\"lazy\" src=\"https:\/\/vidaenergialivre.com.br\/wp-content\/uploads\/2025\/06\/praia1.jpg\" alt=\"\" class=\"wp-image-1034\" width=\"244\" height=\"261\" srcset=\"https:\/\/vidaenergialivre.com.br\/wp-content\/uploads\/2025\/06\/praia1.jpg 480w, https:\/\/vidaenergialivre.com.br\/wp-content\/uploads\/2025\/06\/praia1-280x300.jpg 280w\" sizes=\"(max-width: 244px) 100vw, 244px\" \/><\/figure>\n<\/div>\n\n\n\n<div class=\"wp-block-column is-layout-flow\">\n<p>\u2714 Volume contratado de energia renov\u00e1vel<\/p>\n\n\n\n<p>\u2714 C\u00e1lculo preciso das toneladas de CO\u2082 que sua opera\u00e7\u00e3o deixou de emitir<\/p>\n\n\n\n<p>\u2714 Metodologia validada pelas diretrizes do Minist\u00e9rio do Desenvolvimento<\/p>\n\n\n\n<p><\/p>\n\n\n\n<p><\/p>\n\n\n\n<p><\/p>\n\n\n\n<p><\/p>\n\n\n\n<p><\/p>\n<\/div>\n<\/div>\n\n\n\n<p class=\"has-text-align-center\"><strong>Ainda n\u00e3o est\u00e1 no Mercado Livre de Energia?<\/strong><\/p>\n\n\n\n<p>N\u00f3s cuidamos disso para voc\u00ea. Envie uma fatura de energia agora e nossa equipe t\u00e9cnica far\u00e1 uma an\u00e1lise gratuita de viabilidade para migrar sua empresa para um modelo mais econ\u00f4mico, limpo e estrat\u00e9gico.<\/p>\n\n\n\n<p><\/p>\n\n\n\n<p><\/p>\n\n\n\n<p class=\"has-text-align-center\"><strong>Se voc\u00ea j\u00e1 est\u00e1 no Mercado Livre<\/strong><\/p>\n\n\n\n<p>Aproveite esse momento para validar sua escolha com um selo que comunica, certifica e eleva o valor da sua marca.<\/p>\n<\/div>\n<\/div>\n","protected":false},"excerpt":{"rendered":"<p>QUERO SER MAIS SUSTENT\u00c1VEL Se a sua empresa est\u00e1 avaliando o uso de energia renov\u00e1vel, al\u00e9m de economizar e ajudar o planeta, agora \u00e9 a hora de mostrar ao mundo a sua escolha sustent\u00e1vel. O Selo de Energia Renov\u00e1vel \u2013 VIDA ENERGIA \u00e9 um selo criado para certificar que sua empresa que utiliza energia de fontes renov\u00e1veis como solar, e\u00f3lica, hidroel\u00e9ctrica. O SELO DE ENERGIA RENOV\u00c1VEL Ao adquirir energia renov\u00e1vel com a VIDA ENERGIA, sua empresa recebe um certificado t\u00e9cnico personalizado, que informa a quantidade de CO\u2082 (toneladas de di\u00f3xido de carbono) que deixou de ser emitida na atmosfera. O<\/p>\n","protected":false},"author":1,"featured_media":0,"parent":0,"menu_order":0,"comment_status":"closed","ping_status":"closed","template":"","meta":{"om_disable_all_campaigns":false,"_monsterinsights_skip_tracking":false,"_monsterinsights_sitenote_active":false,"_monsterinsights_sitenote_note":"","_monsterinsights_sitenote_category":0},"aioseo_notices":[],"_links":{"self":[{"href":"https:\/\/vidaenergialivre.com.br\/index.php\/wp-json\/wp\/v2\/pages\/1060"}],"collection":[{"href":"https:\/\/vidaenergialivre.com.br\/index.php\/wp-json\/wp\/v2\/pages"}],"about":[{"href":"https:\/\/vidaenergialivre.com.br\/index.php\/wp-json\/wp\/v2\/types\/page"}],"author":[{"embeddable":true,"href":"https:\/\/vidaenergialivre.com.br\/index.php\/wp-json\/wp\/v2\/users\/1"}],"replies":[{"embeddable":true,"href":"https:\/\/vidaenergialivre.com.br\/index.php\/wp-json\/wp\/v2\/comments?post=1060"}],"version-history":[{"count":5,"href":"https:\/\/vidaenergialivre.com.br\/index.php\/wp-json\/wp\/v2\/pages\/1060\/revisions"}],"predecessor-version":[{"id":1068,"href":"https:\/\/vidaenergialivre.com.br\/index.php\/wp-json\/wp\/v2\/pages\/1060\/revisions\/1068"}],"wp:attachment":[{"href":"https:\/\/vidaenergialivre.com.br\/index.php\/wp-json\/wp\/v2\/media?parent=1060"}],"curies":[{"name":"wp","href":"https:\/\/api.w.org\/{rel}","templated":true}]}}