{"id":409,"date":"2023-05-07T19:02:52","date_gmt":"2023-05-07T19:02:52","guid":{"rendered":"https:\/\/vidaenergialivre.com.br\/?page_id=409"},"modified":"2023-05-08T03:45:06","modified_gmt":"2023-05-08T03:45:06","slug":"solicite-um-consultor-de-energia","status":"publish","type":"page","link":"https:\/\/vidaenergialivre.com.br\/index.php\/solicite-um-consultor-de-energia\/","title":{"rendered":"Solicite um Consultor de Energia"},"content":{"rendered":"\n<div class=\"section-wrapper\" data-id=\"doLbbX\"><section class=\"wp-block-gutenverse-section guten-element guten-section guten-doLbbX layout-boxed align-stretch\"><div class=\"guten-background-overlay\"><\/div><div class=\"guten-shape-divider guten-shape-divider-top\"><\/div><div class=\"guten-shape-divider guten-shape-divider-bottom\"><\/div><div class=\"guten-container guten-column-gap-default\">\n<div class=\"wp-block-gutenverse-column guten-element guten-column guten-VUoVOc\"><div class=\"guten-background-overlay\"><\/div><div class=\"sticky-wrapper\" data-id=\"VUoVOc\"><div class=\"guten-column-wrapper\">\n<p class=\"has-startupzy-border-2-color has-text-color has-normal-font-size\">Solicite aqui o contato com um <strong>Consultor <\/strong>em Energia da <strong>VIDA ENERGIA<\/strong> e tenha um atendimento personalizado.<\/p>\n\n\n\n<div class=\"wp-block-buttons is-layout-flex\"><\/div>\n\n\n\n<div class=\"section-wrapper\" data-id=\"aT8iuj\"><section class=\"wp-block-gutenverse-section guten-element guten-section guten-aT8iuj layout-boxed align-stretch\"><div class=\"guten-background-overlay\"><\/div><div class=\"guten-shape-divider guten-shape-divider-top\"><\/div><div class=\"guten-shape-divider guten-shape-divider-bottom\"><\/div><div class=\"guten-container guten-column-gap-default\">\n<div class=\"wp-block-gutenverse-column guten-element guten-column guten-oy3Xq3\"><div class=\"guten-background-overlay\"><\/div><div class=\"sticky-wrapper\" data-id=\"oy3Xq3\"><div class=\"guten-column-wrapper\">\n<p class=\"has-startupzy-border-2-color has-text-color has-normal-font-size\">Tenha uma experi\u00eancia diferenciada em busca do melhor neg\u00f3cio em energia para voc\u00ea.<\/p>\n<\/div><\/div><\/div>\n<\/div><\/section><\/div>\n<\/div><\/div><\/div>\n<\/div><\/section><\/div>\n\n\n\n<div class=\"wp-block-columns is-layout-flex wp-container-4\">\n<div class=\"wp-block-column is-layout-flow\" style=\"padding-top:var(--wp--preset--spacing--40);padding-right:var(--wp--preset--spacing--40);padding-bottom:var(--wp--preset--spacing--40);padding-left:var(--wp--preset--spacing--40)\"><div class=\"wpforms-container wpforms-container-full\" id=\"wpforms-404\"><form id=\"wpforms-form-404\" class=\"wpforms-validate wpforms-form wpforms-ajax-form\" data-formid=\"404\" method=\"post\" enctype=\"multipart\/form-data\" action=\"\/index.php\/wp-json\/wp\/v2\/pages\/409\" data-token=\"2950a8d2d4a4a85493a855b8c3464072\" data-token-time=\"1776262724\"><noscript class=\"wpforms-error-noscript\">Please enable JavaScript in your browser to complete this form.<\/noscript><div class=\"wpforms-field-container\"><div id=\"wpforms-404-field_1-container\" class=\"wpforms-field wpforms-field-name\" data-field-id=\"1\"><label class=\"wpforms-field-label\" for=\"wpforms-404-field_1\">Nome <span class=\"wpforms-required-label\">*<\/span><\/label><input type=\"text\" id=\"wpforms-404-field_1\" class=\"wpforms-field-medium wpforms-field-required\" name=\"wpforms[fields][1]\" required><div class=\"wpforms-field-description\">Preencha com o seu nome<\/div><\/div><div id=\"wpforms-404-field_4-container\" class=\"wpforms-field wpforms-field-number\" data-field-id=\"4\"><label class=\"wpforms-field-label\" for=\"wpforms-404-field_4\">N\u00famero do Telefone ou Whatsapp.<\/label><input type=\"number\" id=\"wpforms-404-field_4\" class=\"wpforms-field-medium\" name=\"wpforms[fields][4]\" ><div class=\"wpforms-field-description\"> (N\u00e3o se preocupe, todos os contatos s\u00e3o pessoais e n\u00e3o enviamos mensagens autom\u00e1ticas)<\/div><\/div><div id=\"wpforms-404-field_2-container\" class=\"wpforms-field wpforms-field-email\" data-field-id=\"2\"><label class=\"wpforms-field-label\" for=\"wpforms-404-field_2\">Email <span class=\"wpforms-required-label\">*<\/span><\/label><div class=\"wpforms-field-row wpforms-field-medium\"><div class=\"wpforms-field-row-block wpforms-one-half wpforms-first\"><input type=\"email\" id=\"wpforms-404-field_2\" class=\"wpforms-field-required wpforms-field-email-primary\" name=\"wpforms[fields][2][primary]\" spellcheck=\"false\" required><label for=\"wpforms-404-field_2\" class=\"wpforms-field-sublabel after\">Email<\/label><\/div><div class=\"wpforms-field-row-block wpforms-one-half\"><input type=\"email\" id=\"wpforms-404-field_2-secondary\" class=\"wpforms-field-email-secondary wpforms-field-required\" data-rule-confirm=\"#wpforms-404-field_2\" name=\"wpforms[fields][2][secondary]\" spellcheck=\"false\" required><label for=\"wpforms-404-field_2-secondary\" class=\"wpforms-field-sublabel after\">Confirm Email<\/label><\/div><\/div><div class=\"wpforms-field-description\">Preencha com seu e-mail para que possamos entrar em contato com voc\u00ea<\/div><\/div><div id=\"wpforms-404-field_3-container\" class=\"wpforms-field wpforms-field-text\" data-field-id=\"3\"><label class=\"wpforms-field-label\" for=\"wpforms-404-field_3\">Nome da sua Empresa<\/label><input type=\"text\" id=\"wpforms-404-field_3\" class=\"wpforms-field-medium\" name=\"wpforms[fields][3]\" ><div class=\"wpforms-field-description\">Preencha com o nome da sua empresa<\/div><\/div><div id=\"wpforms-404-field_8-container\" class=\"wpforms-field wpforms-field-select wpforms-field-select-style-classic\" data-field-id=\"8\"><label class=\"wpforms-field-label\" for=\"wpforms-404-field_8\">Tipo de consumidor<\/label><select id=\"wpforms-404-field_8\" class=\"wpforms-field-medium\" name=\"wpforms[fields][8]\"><option value=\"Industria\" >Industria<\/option><option value=\"Com\u00e9rcio Geral\" >Com\u00e9rcio Geral<\/option><option value=\"Escola\" >Escola<\/option><option value=\"Supermercado ou Varejista\" >Supermercado ou Varejista<\/option><option value=\"Residencial\" >Residencial<\/option><\/select><div class=\"wpforms-field-description\">Selecione o tipo de consumidor que voc\u00ea se enquadra.<\/div><\/div><div id=\"wpforms-404-field_7-container\" class=\"wpforms-field wpforms-field-radio\" data-field-id=\"7\"><label class=\"wpforms-field-label\" for=\"wpforms-404-field_7\">Voc\u00ea j\u00e1 conhece o Mercado LIvre de Energia El\u00e9trica?<\/label><ul id=\"wpforms-404-field_7\"><li class=\"choice-1 depth-1\"><input type=\"radio\" id=\"wpforms-404-field_7_1\" name=\"wpforms[fields][7]\" value=\"Sim, j\u00e1 estou no Mercado Livre,\"  ><label class=\"wpforms-field-label-inline\" for=\"wpforms-404-field_7_1\">Sim, j\u00e1 estou no Mercado Livre,<\/label><\/li><li class=\"choice-2 depth-1\"><input type=\"radio\" id=\"wpforms-404-field_7_2\" name=\"wpforms[fields][7]\" value=\"Sim, mas ainda n\u00e3o estou no Mercado Livre.\"  ><label class=\"wpforms-field-label-inline\" for=\"wpforms-404-field_7_2\">Sim, mas ainda n\u00e3o estou no Mercado Livre.<\/label><\/li><li class=\"choice-3 depth-1\"><input type=\"radio\" id=\"wpforms-404-field_7_3\" name=\"wpforms[fields][7]\" value=\"N\u00e3o conhe\u00e7o.\"  ><label class=\"wpforms-field-label-inline\" for=\"wpforms-404-field_7_3\">N\u00e3o conhe\u00e7o.<\/label><\/li><\/ul><\/div><div id=\"wpforms-404-field_10-container\" class=\"wpforms-field wpforms-field-checkbox\" data-field-id=\"10\"><label class=\"wpforms-field-label\" for=\"wpforms-404-field_10\">Quais os Servi\u00e7os que tem interesse em conversar.<\/label><ul id=\"wpforms-404-field_10\"><li class=\"choice-1 depth-1\"><input type=\"checkbox\" id=\"wpforms-404-field_10_1\" name=\"wpforms[fields][10][]\" value=\"Economia de at\u00e9 30% na conta de energia el\u00e9trica\"  ><label class=\"wpforms-field-label-inline\" for=\"wpforms-404-field_10_1\">Economia de at\u00e9 30% na conta de energia el\u00e9trica<\/label><\/li><li class=\"choice-2 depth-1\"><input type=\"checkbox\" id=\"wpforms-404-field_10_2\" name=\"wpforms[fields][10][]\" value=\"Migra\u00e7\u00e3o para o Mercado Livre de Energia\"  ><label class=\"wpforms-field-label-inline\" for=\"wpforms-404-field_10_2\">Migra\u00e7\u00e3o para o Mercado Livre de Energia<\/label><\/li><li class=\"choice-3 depth-1\"><input type=\"checkbox\" id=\"wpforms-404-field_10_3\" name=\"wpforms[fields][10][]\" value=\"Gest\u00e3o e Representa\u00e7\u00e3o no ACL\"  ><label class=\"wpforms-field-label-inline\" for=\"wpforms-404-field_10_3\">Gest\u00e3o e Representa\u00e7\u00e3o no ACL<\/label><\/li><li class=\"choice-4 depth-1\"><input type=\"checkbox\" id=\"wpforms-404-field_10_4\" name=\"wpforms[fields][10][]\" value=\"Comercializa\u00e7\u00e3o de Energia El\u00e9trica\"  ><label class=\"wpforms-field-label-inline\" for=\"wpforms-404-field_10_4\">Comercializa\u00e7\u00e3o de Energia El\u00e9trica<\/label><\/li><li class=\"choice-5 depth-1\"><input type=\"checkbox\" id=\"wpforms-404-field_10_5\" name=\"wpforms[fields][10][]\" value=\"Certificados de Energia Renov\u00e1veis - IREC\"  ><label class=\"wpforms-field-label-inline\" for=\"wpforms-404-field_10_5\">Certificados de Energia Renov\u00e1veis - IREC<\/label><\/li><li class=\"choice-6 depth-1\"><input type=\"checkbox\" id=\"wpforms-404-field_10_6\" name=\"wpforms[fields][10][]\" value=\"Consultoria em Energia\"  ><label class=\"wpforms-field-label-inline\" for=\"wpforms-404-field_10_6\">Consultoria em Energia<\/label><\/li><li class=\"choice-7 depth-1\"><input type=\"checkbox\" id=\"wpforms-404-field_10_7\" name=\"wpforms[fields][10][]\" value=\"Outros Servi\u00e7os\"  ><label class=\"wpforms-field-label-inline\" for=\"wpforms-404-field_10_7\">Outros Servi\u00e7os<\/label><\/li><\/ul><div class=\"wpforms-field-description\">Escolha quantos servi\u00e7os voc\u00ea tem interesse em contratar.  (click em quantos voc\u00ea precisar)<\/div><\/div><\/div><!-- .wpforms-field-container --><div class=\"wpforms-submit-container\" ><input type=\"hidden\" name=\"wpforms[id]\" value=\"404\"><input type=\"hidden\" name=\"page_title\" value=\"\"><input type=\"hidden\" name=\"page_url\" value=\"https:\/\/vidaenergialivre.com.br\/index.php\/wp-json\/wp\/v2\/pages\/409\"><button type=\"submit\" name=\"wpforms[submit]\" id=\"wpforms-submit-404\" class=\"wpforms-submit\" data-alt-text=\"Sending...\" data-submit-text=\"Enviar\" aria-live=\"assertive\" value=\"wpforms-submit\">Enviar<\/button><img src=\"https:\/\/vidaenergialivre.com.br\/wp-content\/plugins\/wpforms-lite\/assets\/images\/submit-spin.svg\" class=\"wpforms-submit-spinner\" style=\"display: none;\" width=\"26\" height=\"26\" alt=\"Loading\"><\/div><\/form><\/div>  <!-- .wpforms-container -->\n\n\n\n<div class=\"wp-block-buttons is-layout-flex\">\n<div class=\"wp-block-button aligncenter has-custom-font-size is-style-custombuttonfill\" style=\"font-size:14px\"><a class=\"wp-block-button__link has-white-color has-luminous-vivid-orange-background-color has-text-color has-background wp-element-button\" href=\"https:\/\/vidaenergialivre.com.br\/\" style=\"border-top-left-radius:20px;border-top-right-radius:0px;border-bottom-left-radius:0px;border-bottom-right-radius:20px;padding-top:16px;padding-right:40px;padding-bottom:16px;padding-left:40px\">voltar<\/a><\/div>\n<\/div>\n<\/div>\n<\/div>\n","protected":false},"excerpt":{"rendered":"","protected":false},"author":1,"featured_media":0,"parent":0,"menu_order":0,"comment_status":"closed","ping_status":"closed","template":"","meta":{"om_disable_all_campaigns":false,"_monsterinsights_skip_tracking":false,"_monsterinsights_sitenote_active":false,"_monsterinsights_sitenote_note":"","_monsterinsights_sitenote_category":0},"aioseo_notices":[],"_links":{"self":[{"href":"https:\/\/vidaenergialivre.com.br\/index.php\/wp-json\/wp\/v2\/pages\/409"}],"collection":[{"href":"https:\/\/vidaenergialivre.com.br\/index.php\/wp-json\/wp\/v2\/pages"}],"about":[{"href":"https:\/\/vidaenergialivre.com.br\/index.php\/wp-json\/wp\/v2\/types\/page"}],"author":[{"embeddable":true,"href":"https:\/\/vidaenergialivre.com.br\/index.php\/wp-json\/wp\/v2\/users\/1"}],"replies":[{"embeddable":true,"href":"https:\/\/vidaenergialivre.com.br\/index.php\/wp-json\/wp\/v2\/comments?post=409"}],"version-history":[{"count":8,"href":"https:\/\/vidaenergialivre.com.br\/index.php\/wp-json\/wp\/v2\/pages\/409\/revisions"}],"predecessor-version":[{"id":554,"href":"https:\/\/vidaenergialivre.com.br\/index.php\/wp-json\/wp\/v2\/pages\/409\/revisions\/554"}],"wp:attachment":[{"href":"https:\/\/vidaenergialivre.com.br\/index.php\/wp-json\/wp\/v2\/media?parent=409"}],"curies":[{"name":"wp","href":"https:\/\/api.w.org\/{rel}","templated":true}]}}